{"id":231,"date":"2020-02-20T11:59:01","date_gmt":"2020-02-20T10:59:01","guid":{"rendered":"https:\/\/nabytek.local\/?page_id=231"},"modified":"2021-01-13T14:40:57","modified_gmt":"2021-01-13T14:40:57","slug":"o-nas","status":"publish","type":"page","link":"https:\/\/www.muzskystyl.cz\/panska-moda-a-styl\/o-nas\/","title":{"rendered":"O n\u00e1s"},"content":{"rendered":"\n<p class=\"has-text-align-center\">V\u00edtejte na na\u0161ich str\u00e1nk\u00e1ch Mu\u017esk\u00fd styl.cz - pro stylov\u00e9 mu\u017ee.CZ.Milujeme online nakupov\u00e1n\u00ed a touto cestou v\u00e1m chceme p\u0159in\u00e1\u0161et inspiraci jak po\u0159\u00eddit to nejlep\u0161\u00ed zbo\u017e\u00ed za par\u00e1dn\u00ed ceny. Ka\u017ed\u00fd m\u00e1 r\u00e1d to sv\u00e9 a mu sv\u016fj styl, proto jsme se rozhodli nab\u00eddnout na na\u0161em webu nej\u0161ir\u0161\u00ed nab\u00eddku zbo\u017e\u00ed v t\u00e9to oblasti. <\/p>\n\n\n\n<p class=\"has-text-align-center\">Jsme nad\u0161enci pro to co d\u011bl\u00e1me a d\u00edky tomu \u017ee n\u00e1s to bav\u00ed m\u016f\u017eeme pom\u00e1hat i v\u00e1m. Budeme r\u00e1di, pokud v\u00e1m na\u0161e inspirace pom\u016f\u017ee.<\/p>\n\n\n\n<p class=\"has-text-align-center\">Za t\u00fdm webu  Mu\u017esk\u00fd styl.cz - pro stylov\u00e9 mu\u017ee : Jana, Ane\u017eka, Honza, Petra a Tom\u00e1\u0161<\/p>\n","protected":false},"excerpt":{"rendered":"<p>V\u00edtejte na na\u0161ich str\u00e1nk\u00e1ch .CZ.Milujeme online nakupov\u00e1n\u00ed a touto cestou v\u00e1m chceme p\u0159in\u00e1\u0161et inspiraci jak po\u0159\u00eddit to nejlep\u0161\u00ed zbo\u017e\u00ed za par\u00e1dn\u00ed ceny. Ka\u017ed\u00fd m\u00e1 r\u00e1d [&hellip;]<\/p>\n","protected":false},"author":5,"featured_media":0,"parent":0,"menu_order":0,"comment_status":"closed","ping_status":"closed","template":"","meta":{"_acf_changed":false,"footnotes":""},"class_list":["post-231","page","type-page","status-publish","hentry"],"acf":[],"_links":{"self":[{"href":"https:\/\/www.muzskystyl.cz\/panska-moda-a-styl\/wp-json\/wp\/v2\/pages\/231","targetHints":{"allow":["GET"]}}],"collection":[{"href":"https:\/\/www.muzskystyl.cz\/panska-moda-a-styl\/wp-json\/wp\/v2\/pages"}],"about":[{"href":"https:\/\/www.muzskystyl.cz\/panska-moda-a-styl\/wp-json\/wp\/v2\/types\/page"}],"author":[{"embeddable":true,"href":"https:\/\/www.muzskystyl.cz\/panska-moda-a-styl\/wp-json\/wp\/v2\/users\/5"}],"replies":[{"embeddable":true,"href":"https:\/\/www.muzskystyl.cz\/panska-moda-a-styl\/wp-json\/wp\/v2\/comments?post=231"}],"version-history":[{"count":0,"href":"https:\/\/www.muzskystyl.cz\/panska-moda-a-styl\/wp-json\/wp\/v2\/pages\/231\/revisions"}],"wp:attachment":[{"href":"https:\/\/www.muzskystyl.cz\/panska-moda-a-styl\/wp-json\/wp\/v2\/media?parent=231"}],"curies":[{"name":"wp","href":"https:\/\/api.w.org\/{rel}","templated":true}]}}