{"id":15067,"date":"2020-03-28T16:55:59","date_gmt":"2020-03-28T15:55:59","guid":{"rendered":"https:\/\/www.eshop-4u.cz\/?page_id=15067"},"modified":"2022-03-07T08:03:53","modified_gmt":"2022-03-07T08:03:53","slug":"home500502","status":"publish","type":"page","link":"https:\/\/www.muzskystyl.cz\/panska-moda-a-styl\/","title":{"rendered":"Home"},"content":{"rendered":"","protected":false},"excerpt":{"rendered":"<p>Na str\u00e1nk\u00e1ch Mu\u017esk\u00fd styl.cz - pro stylov\u00e9 mu\u017ee si m\u016f\u017eete vybrat z velk\u00e9 nab\u00eddky stylov\u00e9ho p\u00e1nsk\u00e9ho, ale i d\u00e1msk\u00e9ho oble\u010den\u00ed. Ka\u017ed\u00fd kousek oble\u010den\u00ed je orig\u00edn\u00e1l. Jsme si jist\u00ed, \u017ee s po\u0159\u00edzen\u00edm stylov\u00e9ho oble\u010den\u00ed na Mu\u017esk\u00fd styl.cz - pro stylov\u00e9 mu\u017ee budete opravdu spokojeni.<\/p>\n","protected":false},"author":5,"featured_media":105289,"parent":0,"menu_order":0,"comment_status":"closed","ping_status":"closed","template":"","meta":{"_acf_changed":false,"footnotes":""},"class_list":["post-15067","page","type-page","status-publish","has-post-thumbnail","hentry"],"acf":[],"_links":{"self":[{"href":"https:\/\/www.muzskystyl.cz\/panska-moda-a-styl\/wp-json\/wp\/v2\/pages\/15067","targetHints":{"allow":["GET"]}}],"collection":[{"href":"https:\/\/www.muzskystyl.cz\/panska-moda-a-styl\/wp-json\/wp\/v2\/pages"}],"about":[{"href":"https:\/\/www.muzskystyl.cz\/panska-moda-a-styl\/wp-json\/wp\/v2\/types\/page"}],"author":[{"embeddable":true,"href":"https:\/\/www.muzskystyl.cz\/panska-moda-a-styl\/wp-json\/wp\/v2\/users\/5"}],"replies":[{"embeddable":true,"href":"https:\/\/www.muzskystyl.cz\/panska-moda-a-styl\/wp-json\/wp\/v2\/comments?post=15067"}],"version-history":[{"count":1,"href":"https:\/\/www.muzskystyl.cz\/panska-moda-a-styl\/wp-json\/wp\/v2\/pages\/15067\/revisions"}],"predecessor-version":[{"id":105203,"href":"https:\/\/www.muzskystyl.cz\/panska-moda-a-styl\/wp-json\/wp\/v2\/pages\/15067\/revisions\/105203"}],"wp:featuredmedia":[{"embeddable":true,"href":"https:\/\/www.muzskystyl.cz\/panska-moda-a-styl\/wp-json\/wp\/v2\/media\/105289"}],"wp:attachment":[{"href":"https:\/\/www.muzskystyl.cz\/panska-moda-a-styl\/wp-json\/wp\/v2\/media?parent=15067"}],"curies":[{"name":"wp","href":"https:\/\/api.w.org\/{rel}","templated":true}]}}